{"id":30,"date":"2024-04-05T19:08:48","date_gmt":"2024-04-05T19:08:48","guid":{"rendered":"https:\/\/www.horkakemp.cz\/?page_id=30"},"modified":"2025-02-19T23:47:11","modified_gmt":"2025-02-19T21:47:11","slug":"vybaveni-kempu","status":"publish","type":"page","link":"https:\/\/www.horkakemp.cz\/?page_id=30","title":{"rendered":"Vybaven\u00ed Kempu"},"content":{"rendered":"\n<h2 class=\"wp-block-heading\">V kempu najdete:<\/h2>\n\n\n\n<ul class=\"wp-block-list\">\n<li class=\"has-medium-font-size\">15 \u010dty\u0159m\u00edstn\u00fdch dvoupatrov\u00fdch chati\u010dek<\/li>\n\n\n\n<li class=\"has-medium-font-size\">elektrick\u00e9 p\u0159\u00edpojky pro karavany a obytn\u00e1 auta<\/li>\n\n\n\n<li class=\"has-medium-font-size\">prostornou posekanou louku pro stanov\u00e1n\u00ed<\/li>\n\n\n\n<li class=\"has-medium-font-size\">hospodu<\/li>\n\n\n\n<li class=\"has-medium-font-size\">zd\u011bnou budovu, kde jsou d\u00e1msk\u00e9 a p\u00e1nsk\u00e9 WC, d\u00e1msk\u00e9 a p\u00e1nsk\u00e9 um\u00fdv\u00e1rky s&nbsp;tepl\u00fdmi sprchami<\/li>\n\n\n\n<li class=\"has-medium-font-size\">spole\u010dnou kuchy\u0148ku (ve spole\u010dn\u00e9 kuchy\u0148ce je lednice, varn\u00e1&nbsp;deska, kuchy\u0148sk\u00e1&nbsp;linka)<\/li>\n\n\n\n<li class=\"has-medium-font-size\">Wi-fi p\u0159ipojen\u00ed zdarma<\/li>\n\n\n\n<li class=\"has-medium-font-size\">fotb\u00e1lek v hospod\u011b<\/li>\n\n\n\n<li class=\"has-medium-font-size\">ve\u010dern\u00ed a no\u010dn\u00ed osv\u011btlen\u00ed kempu<\/li>\n\n\n\n<li class=\"has-medium-font-size\">p\u016fj\u010dovnu lod\u00ed<\/li>\n\n\n\n<li class=\"has-medium-font-size\">p\u0159\u00edjemnou obsluhu kempu \ud83d\ude42<\/li>\n<\/ul>\n\n\n\n<h2 class=\"wp-block-heading\">Soci\u00e1lky (rekonstrukce 2015)<\/h2>\n\n\n\n<figure class=\"wp-block-gallery has-nested-images columns-default is-cropped wp-block-gallery-1 is-layout-flex wp-block-gallery-is-layout-flex\">\n<figure class=\"wp-block-image size-large is-resized\"><img loading=\"lazy\" decoding=\"async\" width=\"774\" height=\"518\" data-id=\"31\" src=\"https:\/\/www.horkakemp.cz\/wp-content\/uploads\/2024\/04\/DSC_1049.jpeg\" alt=\"\" class=\"wp-image-31\" style=\"width:307px;height:auto\" srcset=\"https:\/\/www.horkakemp.cz\/wp-content\/uploads\/2024\/04\/DSC_1049.jpeg 774w, https:\/\/www.horkakemp.cz\/wp-content\/uploads\/2024\/04\/DSC_1049-300x201.jpeg 300w, https:\/\/www.horkakemp.cz\/wp-content\/uploads\/2024\/04\/DSC_1049-768x514.jpeg 768w\" sizes=\"auto, (max-width: 774px) 100vw, 774px\" \/><\/figure>\n\n\n\n<figure class=\"wp-block-image size-large is-resized\"><img loading=\"lazy\" decoding=\"async\" width=\"1024\" height=\"731\" data-id=\"285\" src=\"https:\/\/www.horkakemp.cz\/wp-content\/uploads\/2025\/02\/DSC_0077-1024x731.jpg\" alt=\"\" class=\"wp-image-285\" style=\"width:320px;height:auto\" srcset=\"https:\/\/www.horkakemp.cz\/wp-content\/uploads\/2025\/02\/DSC_0077-1024x731.jpg 1024w, https:\/\/www.horkakemp.cz\/wp-content\/uploads\/2025\/02\/DSC_0077-300x214.jpg 300w, https:\/\/www.horkakemp.cz\/wp-content\/uploads\/2025\/02\/DSC_0077-768x548.jpg 768w, https:\/\/www.horkakemp.cz\/wp-content\/uploads\/2025\/02\/DSC_0077-1536x1096.jpg 1536w, https:\/\/www.horkakemp.cz\/wp-content\/uploads\/2025\/02\/DSC_0077-2048x1462.jpg 2048w\" sizes=\"auto, (max-width: 1024px) 100vw, 1024px\" \/><\/figure>\n<\/figure>\n\n\n\n<figure class=\"wp-block-image size-full\"><img loading=\"lazy\" decoding=\"async\" width=\"2560\" height=\"1723\" src=\"https:\/\/www.horkakemp.cz\/wp-content\/uploads\/2025\/02\/DSC_0066-kopie-scaled.jpg\" alt=\"\" class=\"wp-image-287\" srcset=\"https:\/\/www.horkakemp.cz\/wp-content\/uploads\/2025\/02\/DSC_0066-kopie-scaled.jpg 2560w, https:\/\/www.horkakemp.cz\/wp-content\/uploads\/2025\/02\/DSC_0066-kopie-300x202.jpg 300w, https:\/\/www.horkakemp.cz\/wp-content\/uploads\/2025\/02\/DSC_0066-kopie-1024x689.jpg 1024w, https:\/\/www.horkakemp.cz\/wp-content\/uploads\/2025\/02\/DSC_0066-kopie-768x517.jpg 768w, https:\/\/www.horkakemp.cz\/wp-content\/uploads\/2025\/02\/DSC_0066-kopie-1536x1034.jpg 1536w, https:\/\/www.horkakemp.cz\/wp-content\/uploads\/2025\/02\/DSC_0066-kopie-2048x1378.jpg 2048w\" sizes=\"auto, (max-width: 2560px) 100vw, 2560px\" \/><\/figure>\n\n\n\n<h2 class=\"wp-block-heading\">Chati\u010dky<\/h2>\n\n\n\n<p class=\"has-medium-font-size\">V p\u0159\u00edzem\u00ed chatek je k\u0159eslo, gau\u010d, stolek a sk\u0159\u00ed\u0148. Po d\u0159ev\u011bn\u00fdch schodech vystoup\u00edte do patra, kde jsou postele. Chatky jsou v\u0161echny nov\u011b vymalovan\u00e9.<\/p>\n\n\n\n<figure class=\"wp-block-image size-full\"><img loading=\"lazy\" decoding=\"async\" width=\"2560\" height=\"1707\" src=\"https:\/\/www.horkakemp.cz\/wp-content\/uploads\/2025\/02\/DSC_0046-scaled.jpg\" alt=\"\" class=\"wp-image-288\" srcset=\"https:\/\/www.horkakemp.cz\/wp-content\/uploads\/2025\/02\/DSC_0046-scaled.jpg 2560w, https:\/\/www.horkakemp.cz\/wp-content\/uploads\/2025\/02\/DSC_0046-300x200.jpg 300w, https:\/\/www.horkakemp.cz\/wp-content\/uploads\/2025\/02\/DSC_0046-1024x683.jpg 1024w, https:\/\/www.horkakemp.cz\/wp-content\/uploads\/2025\/02\/DSC_0046-768x512.jpg 768w, https:\/\/www.horkakemp.cz\/wp-content\/uploads\/2025\/02\/DSC_0046-1536x1024.jpg 1536w, https:\/\/www.horkakemp.cz\/wp-content\/uploads\/2025\/02\/DSC_0046-2048x1365.jpg 2048w\" sizes=\"auto, (max-width: 2560px) 100vw, 2560px\" \/><\/figure>\n\n\n\n<figure class=\"wp-block-image size-large\"><img loading=\"lazy\" decoding=\"async\" width=\"1024\" height=\"763\" src=\"https:\/\/www.horkakemp.cz\/wp-content\/uploads\/2025\/02\/DSC_0132-kopie-1024x763.jpg\" alt=\"\" class=\"wp-image-289\" srcset=\"https:\/\/www.horkakemp.cz\/wp-content\/uploads\/2025\/02\/DSC_0132-kopie-1024x763.jpg 1024w, https:\/\/www.horkakemp.cz\/wp-content\/uploads\/2025\/02\/DSC_0132-kopie-300x224.jpg 300w, https:\/\/www.horkakemp.cz\/wp-content\/uploads\/2025\/02\/DSC_0132-kopie-768x573.jpg 768w, https:\/\/www.horkakemp.cz\/wp-content\/uploads\/2025\/02\/DSC_0132-kopie-1536x1145.jpg 1536w, https:\/\/www.horkakemp.cz\/wp-content\/uploads\/2025\/02\/DSC_0132-kopie-2048x1527.jpg 2048w\" sizes=\"auto, (max-width: 1024px) 100vw, 1024px\" \/><\/figure>\n\n\n\n<figure class=\"wp-block-image size-large\"><img loading=\"lazy\" decoding=\"async\" width=\"1024\" height=\"683\" src=\"https:\/\/www.horkakemp.cz\/wp-content\/uploads\/2025\/02\/DSC_0136-1024x683.jpg\" alt=\"\" class=\"wp-image-290\" srcset=\"https:\/\/www.horkakemp.cz\/wp-content\/uploads\/2025\/02\/DSC_0136-1024x683.jpg 1024w, https:\/\/www.horkakemp.cz\/wp-content\/uploads\/2025\/02\/DSC_0136-300x200.jpg 300w, https:\/\/www.horkakemp.cz\/wp-content\/uploads\/2025\/02\/DSC_0136-768x512.jpg 768w, https:\/\/www.horkakemp.cz\/wp-content\/uploads\/2025\/02\/DSC_0136-1536x1025.jpg 1536w, https:\/\/www.horkakemp.cz\/wp-content\/uploads\/2025\/02\/DSC_0136-2048x1366.jpg 2048w\" sizes=\"auto, (max-width: 1024px) 100vw, 1024px\" \/><\/figure>\n","protected":false},"excerpt":{"rendered":"<p>V kempu najdete: Soci\u00e1lky (rekonstrukce 2015) Chati\u010dky V p\u0159\u00edzem\u00ed chatek je k\u0159eslo, gau\u010d, stolek a sk\u0159\u00ed\u0148. Po d\u0159ev\u011bn\u00fdch schodech vystoup\u00edte do patra, kde jsou postele. Chatky jsou v\u0161echny nov\u011b vymalovan\u00e9.<\/p>\n","protected":false},"author":1,"featured_media":0,"parent":0,"menu_order":0,"comment_status":"closed","ping_status":"closed","template":"","meta":{"footnotes":""},"class_list":["post-30","page","type-page","status-publish","hentry"],"_links":{"self":[{"href":"https:\/\/www.horkakemp.cz\/index.php?rest_route=\/wp\/v2\/pages\/30","targetHints":{"allow":["GET"]}}],"collection":[{"href":"https:\/\/www.horkakemp.cz\/index.php?rest_route=\/wp\/v2\/pages"}],"about":[{"href":"https:\/\/www.horkakemp.cz\/index.php?rest_route=\/wp\/v2\/types\/page"}],"author":[{"embeddable":true,"href":"https:\/\/www.horkakemp.cz\/index.php?rest_route=\/wp\/v2\/users\/1"}],"replies":[{"embeddable":true,"href":"https:\/\/www.horkakemp.cz\/index.php?rest_route=%2Fwp%2Fv2%2Fcomments&post=30"}],"version-history":[{"count":5,"href":"https:\/\/www.horkakemp.cz\/index.php?rest_route=\/wp\/v2\/pages\/30\/revisions"}],"predecessor-version":[{"id":291,"href":"https:\/\/www.horkakemp.cz\/index.php?rest_route=\/wp\/v2\/pages\/30\/revisions\/291"}],"wp:attachment":[{"href":"https:\/\/www.horkakemp.cz\/index.php?rest_route=%2Fwp%2Fv2%2Fmedia&parent=30"}],"curies":[{"name":"wp","href":"https:\/\/api.w.org\/{rel}","templated":true}]}}