{"id":57,"date":"2024-04-11T19:17:42","date_gmt":"2024-04-11T19:17:42","guid":{"rendered":"https:\/\/www.horkakemp.cz\/?page_id=57"},"modified":"2025-09-18T09:05:05","modified_gmt":"2025-09-18T07:05:05","slug":"hospoda","status":"publish","type":"page","link":"https:\/\/www.horkakemp.cz\/?page_id=57","title":{"rendered":"Hospoda"},"content":{"rendered":"\n<p class=\"has-medium-font-size\">Hospoda nab\u00edz\u00ed po dobu letn\u00ed sez\u00f3ny&nbsp;<strong>celodenn\u00ed<\/strong>&nbsp;stravov\u00e1n\u00ed, polopenzi nebo jen sn\u00eddan\u011b, jak pro skupiny i jednotlivce. Po p\u0159edchoz\u00ed domluv\u011b je mo\u017en\u00e9 zajistit si stravov\u00e1n\u00ed skupin formou rautu.<\/p>\n\n\n\n<p class=\"has-medium-font-size\">V nab\u00eddce tepl\u00e9 i studen\u00e9 kuchyn\u011b najdete p\u0159ev\u00e1\u017en\u011b lehk\u00e1 a zdrav\u00e1 j\u00eddla \u010desk\u00e9 i sv\u011btov\u00e9 kuchyn\u011b. V nab\u00eddce n\u00e1pojov\u00e9ho l\u00edstku se m\u016f\u017eete t\u011b\u0161it na vynikajic\u00ed pivo Hubertus z bl\u00edzk\u00e9ho pivovaru v K\u00e1cov\u011b.<\/p>\n\n\n\n<p class=\"has-medium-font-size\">Otev\u0159eno je od 1. 6. 2025.<\/p>\n\n\n\n<p class=\"has-medium-font-size\">V p\u0159\u00edpad\u011b jak\u00fdchkoli dotaz\u016f a pro objedn\u00e1vky v\u011bt\u0161\u00edch skupin nev\u00e1hejte kontaktovat provozovatele Va\u0161ka Du\u0161\u00e1nka na tel.&nbsp;<strong>777 082 437<\/strong>&nbsp;nebo e-mailu uvodaka@centrum.cz.<\/p>\n\n\n\n<p class=\"has-medium-font-size\">Sn\u00eddan\u011b je lep\u0161\u00ed rezervovat telefonicky p\u0159edem.<\/p>\n\n\n\n<p class=\"has-medium-font-size\">T\u011b\u0161\u00edme se na Va\u0161i n\u00e1v\u0161t\u011bvu \ud83d\ude42<\/p>\n\n\n\n<figure class=\"wp-block-image size-large\"><img loading=\"lazy\" decoding=\"async\" width=\"1024\" height=\"704\" src=\"https:\/\/www.horkakemp.cz\/wp-content\/uploads\/2025\/02\/DSC_0119-1024x704.jpg\" alt=\"\" class=\"wp-image-292\" srcset=\"https:\/\/www.horkakemp.cz\/wp-content\/uploads\/2025\/02\/DSC_0119-1024x704.jpg 1024w, https:\/\/www.horkakemp.cz\/wp-content\/uploads\/2025\/02\/DSC_0119-300x206.jpg 300w, https:\/\/www.horkakemp.cz\/wp-content\/uploads\/2025\/02\/DSC_0119-768x528.jpg 768w, https:\/\/www.horkakemp.cz\/wp-content\/uploads\/2025\/02\/DSC_0119-1536x1056.jpg 1536w, https:\/\/www.horkakemp.cz\/wp-content\/uploads\/2025\/02\/DSC_0119-2048x1408.jpg 2048w\" sizes=\"auto, (max-width: 1024px) 100vw, 1024px\" \/><\/figure>\n\n\n\n<figure class=\"wp-block-image size-large\"><img loading=\"lazy\" decoding=\"async\" width=\"1024\" height=\"683\" src=\"https:\/\/www.horkakemp.cz\/wp-content\/uploads\/2025\/02\/DSC_0116-1024x683.jpg\" alt=\"\" class=\"wp-image-294\" srcset=\"https:\/\/www.horkakemp.cz\/wp-content\/uploads\/2025\/02\/DSC_0116-1024x683.jpg 1024w, https:\/\/www.horkakemp.cz\/wp-content\/uploads\/2025\/02\/DSC_0116-300x200.jpg 300w, https:\/\/www.horkakemp.cz\/wp-content\/uploads\/2025\/02\/DSC_0116-768x512.jpg 768w, https:\/\/www.horkakemp.cz\/wp-content\/uploads\/2025\/02\/DSC_0116-1536x1025.jpg 1536w, https:\/\/www.horkakemp.cz\/wp-content\/uploads\/2025\/02\/DSC_0116-2048x1366.jpg 2048w\" sizes=\"auto, (max-width: 1024px) 100vw, 1024px\" \/><\/figure>\n\n\n\n<p><\/p>\n","protected":false},"excerpt":{"rendered":"<p>Hospoda nab\u00edz\u00ed po dobu letn\u00ed sez\u00f3ny&nbsp;celodenn\u00ed&nbsp;stravov\u00e1n\u00ed, polopenzi nebo jen sn\u00eddan\u011b, jak pro skupiny i jednotlivce. Po p\u0159edchoz\u00ed domluv\u011b je mo\u017en\u00e9 zajistit si stravov\u00e1n\u00ed skupin formou rautu. V nab\u00eddce tepl\u00e9 i studen\u00e9 kuchyn\u011b najdete p\u0159ev\u00e1\u017en\u011b lehk\u00e1 a zdrav\u00e1 j\u00eddla \u010desk\u00e9 i sv\u011btov\u00e9 kuchyn\u011b. V nab\u00eddce n\u00e1pojov\u00e9ho l\u00edstku se m\u016f\u017eete t\u011b\u0161it na vynikajic\u00ed pivo Hubertus z bl\u00edzk\u00e9ho &hellip; <a href=\"https:\/\/www.horkakemp.cz\/?page_id=57\" class=\"more-link\">Pokra\u010dov\u00e1n\u00ed textu <span class=\"screen-reader-text\">Hospoda<\/span> <span class=\"meta-nav\">&rarr;<\/span><\/a><\/p>\n","protected":false},"author":1,"featured_media":0,"parent":0,"menu_order":0,"comment_status":"closed","ping_status":"closed","template":"","meta":{"footnotes":""},"class_list":["post-57","page","type-page","status-publish","hentry"],"_links":{"self":[{"href":"https:\/\/www.horkakemp.cz\/index.php?rest_route=\/wp\/v2\/pages\/57","targetHints":{"allow":["GET"]}}],"collection":[{"href":"https:\/\/www.horkakemp.cz\/index.php?rest_route=\/wp\/v2\/pages"}],"about":[{"href":"https:\/\/www.horkakemp.cz\/index.php?rest_route=\/wp\/v2\/types\/page"}],"author":[{"embeddable":true,"href":"https:\/\/www.horkakemp.cz\/index.php?rest_route=\/wp\/v2\/users\/1"}],"replies":[{"embeddable":true,"href":"https:\/\/www.horkakemp.cz\/index.php?rest_route=%2Fwp%2Fv2%2Fcomments&post=57"}],"version-history":[{"count":6,"href":"https:\/\/www.horkakemp.cz\/index.php?rest_route=\/wp\/v2\/pages\/57\/revisions"}],"predecessor-version":[{"id":574,"href":"https:\/\/www.horkakemp.cz\/index.php?rest_route=\/wp\/v2\/pages\/57\/revisions\/574"}],"wp:attachment":[{"href":"https:\/\/www.horkakemp.cz\/index.php?rest_route=%2Fwp%2Fv2%2Fmedia&parent=57"}],"curies":[{"name":"wp","href":"https:\/\/api.w.org\/{rel}","templated":true}]}}