{"id":60,"date":"2024-04-11T19:24:27","date_gmt":"2024-04-11T19:24:27","guid":{"rendered":"https:\/\/www.horkakemp.cz\/?page_id=60"},"modified":"2025-01-26T21:05:38","modified_gmt":"2025-01-26T19:05:38","slug":"pro-skoly","status":"publish","type":"page","link":"https:\/\/www.horkakemp.cz\/?page_id=60","title":{"rendered":"Pro \u0161koly"},"content":{"rendered":"\n<h2 class=\"wp-block-heading\">Ubytov\u00e1n\u00ed pro \u0161koly<\/h2>\n\n\n\n<p>V kempu Horka zaji\u0161\u0165ujeme:<\/p>\n\n\n\n<ul class=\"wp-block-list\">\n<li>Ubytov\u00e1n\u00ed v chati\u010dk\u00e1ch pro \u0161koly v p\u0159\u00edrod\u011b \u010di jin\u00e9 \u0161koln\u00ed z\u00e1jezdy<\/li>\n\n\n\n<li>Stravov\u00e1n\u00ed<\/li>\n<\/ul>\n\n\n\n<h2 class=\"wp-block-heading\">Cen\u00edk pro \u0161koly<\/h2>\n\n\n\n<figure class=\"wp-block-table\"><table><thead><tr><th><\/th><th class=\"has-text-align-right\" data-align=\"right\">Cena za studenta<\/th><\/tr><\/thead><tbody><tr><td>1 noc<\/td><td class=\"has-text-align-right\" data-align=\"right\">800 K\u010d \/ noc \/ chata<\/td><\/tr><tr><td>2 a v\u00edce noc\u00ed<\/td><td class=\"has-text-align-right\" data-align=\"right\">720 K\u010d \/ noc \/ chata<\/td><\/tr><\/tbody><\/table><\/figure>\n\n\n\n<p>Cena zahrnuje:<\/p>\n\n\n\n<ul class=\"wp-block-list\">\n<li>ubytov\u00e1n\u00ed ve 4-l\u016f\u017ekov\u00fdch chati\u010dk\u00e1ch<\/li>\n\n\n\n<li>spole\u010dn\u00e9 soci\u00e1ln\u00ed za\u0159\u00edzen\u00ed<\/li>\n\n\n\n<li>cena za ka\u017edou \u010dty\u0159l\u016f\u017ekovou chati\u010dku plat\u00ed i v p\u0159\u00edpad\u011b, \u017ee bude obsazena men\u0161\u00edm po\u010dtem osob, ne\u017e umo\u017e\u0148uje jej\u00ed kapacita, tj. 4 osoby<\/li>\n<\/ul>\n\n\n\n<p>Tyto zv\u00fdhodn\u011bn\u00e9 ceny ubytov\u00e1n\u00ed pro \u0161koly jsou platn\u00e9 pouze&nbsp;<strong>ve v\u0161edn\u00ed dny<\/strong>, pro \u0161koln\u00ed skupiny<br>od 20 \u017e\u00e1k\u016f\/student\u016f. U \u0161koln\u00edch v\u00fdlet\u016f zasahuj\u00edc\u00edch do v\u00edkendu ur\u010dujeme ceny dohodou.<\/p>\n\n\n\n<p>Cena nezahrnuje:<\/p>\n\n\n\n<ul class=\"wp-block-list\">\n<li>poplatek za lo\u017en\u00ed pr\u00e1dlo 100 K\u010d\/ks\/pobyt<\/li>\n\n\n\n<li>tepl\u00e9 sprchy (cena 30&nbsp;K\u010d\/\u017eeton)<\/li>\n<\/ul>\n\n\n\n<h2 class=\"wp-block-heading\">Stravov\u00e1n\u00ed<\/h2>\n\n\n\n<p>Pro p\u0159edem objednan\u00e9 skupiny o 20ti a v\u00edce osob\u00e1ch poskytujeme spole\u010dn\u00e9 stravov\u00e1n\u00ed. Zaji\u0161\u0165ujeme sn\u00eddan\u011b, polopenze i plnou penzi v\u010detn\u011b pitn\u00e9ho re\u017eimu v dob\u011b stravov\u00e1n\u00ed. V\u00a0p\u0159\u00edpad\u011b jak\u00fdchkoli dotaz\u016f a pro objedn\u00e1vky v\u011bt\u0161\u00edch skupin nev\u00e1hejte kontaktovat provozovatele hospody Va\u0161ka Du\u0161\u00e1nka na tel. 777 082 437 nebo e-mailu <a href=\"mailto:uvodaka@centrum.cz\" target=\"_blank\" rel=\"noreferrer noopener\">uvodaka@centrum.cz<\/a>.<\/p>\n\n\n\n<figure class=\"wp-block-table\"><table><thead><tr><th><\/th><th class=\"has-text-align-right\" data-align=\"right\">sn\u00eddan\u011b<\/th><th class=\"has-text-align-right\" data-align=\"right\">Polopenze<\/th><th class=\"has-text-align-right\" data-align=\"right\">pln\u00e1 penze<\/th><\/tr><\/thead><tbody><tr><td><strong>Z\u0160 &#8211; 1. stupe\u0148<\/strong><\/td><td class=\"has-text-align-right\" data-align=\"right\">120 K\u010d \/ den<\/td><td class=\"has-text-align-right\" data-align=\"right\">240 K\u010d \/ den<\/td><td class=\"has-text-align-right\" data-align=\"right\">360 K\u010d \/ den<\/td><\/tr><tr><td><strong>Z\u0160 &#8211; 2. stupe\u0148 a S\u0160<\/strong><\/td><td class=\"has-text-align-right\" data-align=\"right\">130 K\u010d \/ den<\/td><td class=\"has-text-align-right\" data-align=\"right\">260 K\u010d \/ den<\/td><td class=\"has-text-align-right\" data-align=\"right\">390 K\u010d \/ den<\/td><\/tr><\/tbody><\/table><\/figure>\n\n\n\n<h2 class=\"wp-block-heading\">Tipy na outdoorov\u00e9 vy\u017eit\u00ed<\/h2>\n\n\n\n<ul class=\"wp-block-list\">\n<li>celodenn\u00ed vod\u00e1ck\u00fd v\u00fdlet na kano\u00edch z Led\u010de nad S\u00e1zavou do Horky&nbsp;<\/li>\n\n\n\n<li>celodenn\u00ed vod\u00e1ck\u00fd v\u00fdlet z Horky do K\u00e1cova s mo\u017enost\u00ed exkurze v K\u00e1covsk\u00e9m pivovaru \u010di n\u00e1v\u0161t\u011bva k\u00e1covsk\u00e9ho z\u00e1mku<\/li>\n\n\n\n<li>zap\u016fj\u010den\u00ed kolob\u011b\u017eek&nbsp;<\/li>\n\n\n\n<li>p\u011b\u0161\u00ed v\u00fdlet do Zru\u010de nad S\u00e1zavou s mo\u017enost\u00ed n\u00e1v\u0161t\u011bvy z\u00e1mku \u010di muzea panenek<\/li>\n<\/ul>\n","protected":false},"excerpt":{"rendered":"<p>Ubytov\u00e1n\u00ed pro \u0161koly V kempu Horka zaji\u0161\u0165ujeme: Cen\u00edk pro \u0161koly Cena za studenta 1 noc 800 K\u010d \/ noc \/ chata 2 a v\u00edce noc\u00ed 720 K\u010d \/ noc \/ chata Cena zahrnuje: Tyto zv\u00fdhodn\u011bn\u00e9 ceny ubytov\u00e1n\u00ed pro \u0161koly jsou platn\u00e9 pouze&nbsp;ve v\u0161edn\u00ed dny, pro \u0161koln\u00ed skupinyod 20 \u017e\u00e1k\u016f\/student\u016f. U \u0161koln\u00edch v\u00fdlet\u016f zasahuj\u00edc\u00edch do v\u00edkendu &hellip; <a href=\"https:\/\/www.horkakemp.cz\/?page_id=60\" class=\"more-link\">Pokra\u010dov\u00e1n\u00ed textu <span class=\"screen-reader-text\">Pro \u0161koly<\/span> <span class=\"meta-nav\">&rarr;<\/span><\/a><\/p>\n","protected":false},"author":1,"featured_media":0,"parent":0,"menu_order":0,"comment_status":"closed","ping_status":"closed","template":"","meta":{"footnotes":""},"class_list":["post-60","page","type-page","status-publish","hentry"],"_links":{"self":[{"href":"https:\/\/www.horkakemp.cz\/index.php?rest_route=\/wp\/v2\/pages\/60","targetHints":{"allow":["GET"]}}],"collection":[{"href":"https:\/\/www.horkakemp.cz\/index.php?rest_route=\/wp\/v2\/pages"}],"about":[{"href":"https:\/\/www.horkakemp.cz\/index.php?rest_route=\/wp\/v2\/types\/page"}],"author":[{"embeddable":true,"href":"https:\/\/www.horkakemp.cz\/index.php?rest_route=\/wp\/v2\/users\/1"}],"replies":[{"embeddable":true,"href":"https:\/\/www.horkakemp.cz\/index.php?rest_route=%2Fwp%2Fv2%2Fcomments&post=60"}],"version-history":[{"count":4,"href":"https:\/\/www.horkakemp.cz\/index.php?rest_route=\/wp\/v2\/pages\/60\/revisions"}],"predecessor-version":[{"id":266,"href":"https:\/\/www.horkakemp.cz\/index.php?rest_route=\/wp\/v2\/pages\/60\/revisions\/266"}],"wp:attachment":[{"href":"https:\/\/www.horkakemp.cz\/index.php?rest_route=%2Fwp%2Fv2%2Fmedia&parent=60"}],"curies":[{"name":"wp","href":"https:\/\/api.w.org\/{rel}","templated":true}]}}