{"id":63,"date":"2024-04-11T19:37:37","date_gmt":"2024-04-11T19:37:37","guid":{"rendered":"https:\/\/www.horkakemp.cz\/?page_id=63"},"modified":"2024-08-14T16:21:11","modified_gmt":"2024-08-14T14:21:11","slug":"pricelist","status":"publish","type":"page","link":"https:\/\/www.horkakemp.cz\/?page_id=63","title":{"rendered":"Pricelist"},"content":{"rendered":"\n<hr class=\"wp-block-separator has-alpha-channel-opacity\"\/>\n\n\n\n<h3 class=\"wp-block-heading has-text-align-center\">Only cash is accepted in an entire area of the camp. <br>We do apologize for any possible inconvenience.<\/h3>\n\n\n\n<hr class=\"wp-block-separator has-alpha-channel-opacity\"\/>\n\n\n\n<p><\/p>\n\n\n\n<h2 class=\"wp-block-heading\">Accommodation in cabins<\/h2>\n\n\n\n<figure class=\"wp-block-table\"><table><tbody><tr><td>Cabin for 4 people&nbsp;&#8211; 1 or&nbsp;2 nights stay<\/td><td class=\"has-text-align-right\" data-align=\"right\">CZK 1000 \/ night<\/td><\/tr><tr><td>Cabin for 4 people&nbsp;&#8211; 3+&nbsp;nights stay<\/td><td class=\"has-text-align-right\" data-align=\"right\">CZK 850 \/ night<\/td><\/tr><tr><td>Bed linen<\/td><td class=\"has-text-align-right\" data-align=\"right\">CZK 100 \/ person \/ stay<\/td><\/tr><tr><td>Car parking next to cabin<\/td><td class=\"has-text-align-right\" data-align=\"right\">CZK 50&nbsp;\/ night<\/td><\/tr><tr><td>Municipal&nbsp;fee<\/td><td class=\"has-text-align-right\" data-align=\"right\">CZK 17 \/ person \/ day<\/td><\/tr><tr><td>Fee for 5th person in cabin<\/td><td class=\"has-text-align-right\" data-align=\"right\">CZK 150 \/ night (adults and kids 15+)<br>CZK 100&nbsp;\/ night (kids 6 &#8211; 14)<\/td><\/tr><\/tbody><\/table><\/figure>\n\n\n\n<h2 class=\"wp-block-heading\">Camping (tents, caravans)<\/h2>\n\n\n\n<figure class=\"wp-block-table\"><table><tbody><tr><td>Person above 15 years<\/td><td class=\"has-text-align-right\" data-align=\"right\">CZK 100 \/ night<\/td><\/tr><tr><td>Kids 6 &#8211; 14 years<\/td><td class=\"has-text-align-right\" data-align=\"right\">CZK 70 \/ night<\/td><\/tr><tr><td>Kids under&nbsp;5 years<\/td><td class=\"has-text-align-right\" data-align=\"right\">free<\/td><\/tr><tr><td>Tent<\/td><td class=\"has-text-align-right\" data-align=\"right\">CZK 90 \/ night<\/td><\/tr><tr><td>Caravan, camper<\/td><td class=\"has-text-align-right\" data-align=\"right\">CZK 200 \/ night<\/td><\/tr><tr><td>Camper trailer<\/td><td class=\"has-text-align-right\" data-align=\"right\">CZK 100 \/ night<\/td><\/tr><tr><td>Car (in the camping area)<\/td><td class=\"has-text-align-right\" data-align=\"right\">CZK 100 \/ night<\/td><\/tr><tr><td>Motorbike (in the camping area)<\/td><td class=\"has-text-align-right\" data-align=\"right\">CZK 70 \/ night<\/td><\/tr><tr><td>Electric plug<\/td><td class=\"has-text-align-right\" data-align=\"right\">CZK 150 \/ night<\/td><\/tr><tr><td>Municipal fee&nbsp;(applies to adults only)<\/td><td class=\"has-text-align-right\" data-align=\"right\">CZK 17&nbsp;\/ night<\/td><\/tr><tr><td>Dogs and other domestic animals<\/td><td class=\"has-text-align-right\" data-align=\"right\">CZK 80 \/ night<\/td><\/tr><\/tbody><\/table><\/figure>\n\n\n\n<h2 class=\"wp-block-heading\">Parking (at the parking place adjacent to the camping area)<\/h2>\n\n\n\n<figure class=\"wp-block-table\"><table><tbody><tr><td>Car (parking over night)<\/td><td class=\"has-text-align-right\" data-align=\"right\">CZK 50 \/ night<\/td><\/tr><tr><td>Car (daytime parking only)<\/td><td class=\"has-text-align-right\" data-align=\"right\">CZK 20 \/ night<\/td><\/tr><tr><td>Car (daytime parking only)<\/td><td class=\"has-text-align-right\" data-align=\"right\">CZK 20 \/ night<\/td><\/tr><tr><td>Bus<\/td><td class=\"has-text-align-right\" data-align=\"right\">CZK 150 \/ night<\/td><\/tr><tr><td>Camper, Van (at the parking place)<\/td><td class=\"has-text-align-right\" data-align=\"right\">CZK 100 \/ night<\/td><\/tr><tr><td>Trailer, Camper trailer (at the parking place)<\/td><td class=\"has-text-align-right\" data-align=\"right\">CZK 100 \/ night<\/td><\/tr><\/tbody><\/table><\/figure>\n\n\n\n<h2 class=\"wp-block-heading\">Showers<\/h2>\n\n\n\n<p class=\"has-medium-font-size\">There are automated showers activated by tokens sold at the reception. One token costs CZK 30.<\/p>\n\n\n\n<h2 class=\"wp-block-heading\">Municipal fee<\/h2>\n\n\n\n<p class=\"has-medium-font-size\">Municilal fee for staying at Horka municipality is CZK 17 \/ person for every day of stay.<br>The fee doesn&#8217;t apply to children below age of 18 and disabled persons.<\/p>\n\n\n\n<h2 class=\"wp-block-heading\">Cancelation fees<\/h2>\n\n\n\n<p class=\"has-medium-font-size\">Deposit makes 50% of accomodation fee.<br>This deposit is non-refundable startnig two weeks before planned start of stay.<br>Surcharge is due on arrival.<\/p>\n\n\n\n<p><\/p>\n","protected":false},"excerpt":{"rendered":"<p>Only cash is accepted in an entire area of the camp. We do apologize for any possible inconvenience. Accommodation in cabins Cabin for 4 people&nbsp;&#8211; 1 or&nbsp;2 nights stay CZK 1000 \/ night Cabin for 4 people&nbsp;&#8211; 3+&nbsp;nights stay CZK 850 \/ night Bed linen CZK 100 \/ person \/ stay Car parking next to &hellip; <a href=\"https:\/\/www.horkakemp.cz\/?page_id=63\" class=\"more-link\">Pokra\u010dov\u00e1n\u00ed textu <span class=\"screen-reader-text\">Pricelist<\/span> <span class=\"meta-nav\">&rarr;<\/span><\/a><\/p>\n","protected":false},"author":1,"featured_media":0,"parent":0,"menu_order":0,"comment_status":"closed","ping_status":"closed","template":"","meta":{"footnotes":""},"class_list":["post-63","page","type-page","status-publish","hentry"],"_links":{"self":[{"href":"https:\/\/www.horkakemp.cz\/index.php?rest_route=\/wp\/v2\/pages\/63","targetHints":{"allow":["GET"]}}],"collection":[{"href":"https:\/\/www.horkakemp.cz\/index.php?rest_route=\/wp\/v2\/pages"}],"about":[{"href":"https:\/\/www.horkakemp.cz\/index.php?rest_route=\/wp\/v2\/types\/page"}],"author":[{"embeddable":true,"href":"https:\/\/www.horkakemp.cz\/index.php?rest_route=\/wp\/v2\/users\/1"}],"replies":[{"embeddable":true,"href":"https:\/\/www.horkakemp.cz\/index.php?rest_route=%2Fwp%2Fv2%2Fcomments&post=63"}],"version-history":[{"count":7,"href":"https:\/\/www.horkakemp.cz\/index.php?rest_route=\/wp\/v2\/pages\/63\/revisions"}],"predecessor-version":[{"id":261,"href":"https:\/\/www.horkakemp.cz\/index.php?rest_route=\/wp\/v2\/pages\/63\/revisions\/261"}],"wp:attachment":[{"href":"https:\/\/www.horkakemp.cz\/index.php?rest_route=%2Fwp%2Fv2%2Fmedia&parent=63"}],"curies":[{"name":"wp","href":"https:\/\/api.w.org\/{rel}","templated":true}]}}